{"id":113,"date":"2014-07-09T17:58:42","date_gmt":"2014-07-09T15:58:42","guid":{"rendered":"http:\/\/antikekunst24.de\/?post_type=product&#038;p=113"},"modified":"2015-08-05T17:38:12","modified_gmt":"2015-08-05T15:38:12","slug":"egyptian-revival-armband-1920er-jahre-fensteremail","status":"publish","type":"product","link":"http:\/\/whyteart.de\/?product=egyptian-revival-armband-1920er-jahre-fensteremail","title":{"rendered":"Egyptian Revival | Fensteremail  | Armband aus Silber"},"content":{"rendered":"","protected":false},"excerpt":{"rendered":"<p><b>Armband mit Skarab\u00e4enmotiv, um 1920<\/b><br \/>\n<b>Masse:<\/b> 200 mm (L)<br \/>\n<b>Material:<\/b> Silber, teilweise schwarz emailliert, gr\u00fcnes und violettes Fensteremail, Rosenquarze,Chrysoprase und Markasitenbesatz<br \/>\n<b>Bezeichnet:<\/b> Franz\u00f6sische Importpunze f\u00fcr Silber, \u00c4gyptische Punzen<br \/>\n<b>Preis:<\/b> 1500-3000 Euro<\/p>\n","protected":false},"featured_media":111,"comment_status":"open","ping_status":"closed","template":"","meta":[],"class_list":{"0":"post-113","1":"product","2":"type-product","3":"status-publish","4":"has-post-thumbnail","6":"product_cat-art-deco","7":"product_cat-egyptian-revival","8":"product_cat-armbaender","9":"product_tag-armband","10":"product_tag-art-deco-2","11":"product_tag-egyptian-revival","12":"product_tag-emaille","13":"product_tag-fensteremail","14":"product_tag-plique-a-jour","15":"product_tag-silber","16":"pa_epoche-art-deco","17":"pa_epoche-egyptian-revival","18":"pa_material-chrysopras","19":"pa_material-email","20":"pa_material-fensteremail-plaque-a-jour","21":"pa_material-markasiten","22":"pa_material-rosenquarz","23":"pa_material-silber","24":"pa_preis-1500-3000-euro","25":"pa_typ-armband","27":"first","28":"instock","29":"shipping-taxable","30":"product-type-simple"},"_links":{"self":[{"href":"http:\/\/whyteart.de\/index.php?rest_route=\/wp\/v2\/product\/113","targetHints":{"allow":["GET"]}}],"collection":[{"href":"http:\/\/whyteart.de\/index.php?rest_route=\/wp\/v2\/product"}],"about":[{"href":"http:\/\/whyteart.de\/index.php?rest_route=\/wp\/v2\/types\/product"}],"replies":[{"embeddable":true,"href":"http:\/\/whyteart.de\/index.php?rest_route=%2Fwp%2Fv2%2Fcomments&post=113"}],"wp:featuredmedia":[{"embeddable":true,"href":"http:\/\/whyteart.de\/index.php?rest_route=\/wp\/v2\/media\/111"}],"wp:attachment":[{"href":"http:\/\/whyteart.de\/index.php?rest_route=%2Fwp%2Fv2%2Fmedia&parent=113"}],"curies":[{"name":"wp","href":"https:\/\/api.w.org\/{rel}","templated":true}]}}