{"id":162,"date":"2014-08-06T00:49:19","date_gmt":"2014-08-05T22:49:19","guid":{"rendered":"http:\/\/antikekunst24.de\/?post_type=product&#038;p=162"},"modified":"2015-01-03T12:07:50","modified_gmt":"2015-01-03T11:07:50","slug":"patriz-huber-murrlle-bennett-guertelschliesse","status":"publish","type":"product","link":"http:\/\/whyteart.de\/?product=patriz-huber-murrlle-bennett-guertelschliesse","title":{"rendered":"Patriz Huber | Theodor Fahrner | Murrle &#038; Bennett Co. | G\u00fcrtelschlie\u00dfe aus Silber"},"content":{"rendered":"","protected":false},"excerpt":{"rendered":"<p><b>G\u00fcrtelschlie\u00dfe, um 1901<\/b><br \/>\n<b>K\u00fcnstler:<\/b> Patriz Huber<br \/>\n<b>Marke:<\/b> Theodor Fahrner, Pforzheim f\u00fcr Murrle Bennett &amp; Co.<br \/>\n<b>Masse:<\/b> 21-25 x 35-40 mm (H x B)<br \/>\n<b>Material:<\/b> Silber, zwei Lapislazuli.<br \/>\n<b>Bezeichnet:<\/b> Importmarken f\u00fcr Murrle Bennett &amp; Co London 1901<br \/>\n<b>Literatur:<\/b> Museum K\u00fcnstlerkolonie Darmstadt, Seite 115, Platte 160.<br \/>\n<b>Preis:<\/b> 1500 \u2013 3000 Euro<\/p>\n","protected":false},"featured_media":165,"comment_status":"closed","ping_status":"closed","template":"","meta":[],"class_list":{"0":"post-162","1":"product","2":"type-product","3":"status-publish","4":"has-post-thumbnail","6":"product_cat-arts-and-crafts","7":"product_cat-guertelschliesse-guertelschnalle","8":"product_cat-jugendstil","9":"product_cat-murrle-bennett","10":"product_cat-patriz-huber","11":"product_cat-theodor-fahrner","12":"product_tag-art-nouveau","13":"product_tag-guertelschliesse","14":"product_tag-guertelschnalle","15":"product_tag-jugendstil","16":"product_tag-murrle-bennett-co","17":"product_tag-patriz-huber","18":"product_tag-silber","19":"pa_epoche-arts-and-crafts","20":"pa_epoche-jugendstil","21":"pa_kuenstler-patriz-huber","22":"pa_marke-murrle-bennett","23":"pa_marke-theodor-fahrner","24":"pa_material-lapislazuli","25":"pa_material-silber","26":"pa_preis-1500-3000-euro","27":"pa_typ-guertelschliesse","29":"first","30":"outofstock","31":"shipping-taxable","32":"product-type-simple"},"_links":{"self":[{"href":"http:\/\/whyteart.de\/index.php?rest_route=\/wp\/v2\/product\/162","targetHints":{"allow":["GET"]}}],"collection":[{"href":"http:\/\/whyteart.de\/index.php?rest_route=\/wp\/v2\/product"}],"about":[{"href":"http:\/\/whyteart.de\/index.php?rest_route=\/wp\/v2\/types\/product"}],"replies":[{"embeddable":true,"href":"http:\/\/whyteart.de\/index.php?rest_route=%2Fwp%2Fv2%2Fcomments&post=162"}],"wp:featuredmedia":[{"embeddable":true,"href":"http:\/\/whyteart.de\/index.php?rest_route=\/wp\/v2\/media\/165"}],"wp:attachment":[{"href":"http:\/\/whyteart.de\/index.php?rest_route=%2Fwp%2Fv2%2Fmedia&parent=162"}],"curies":[{"name":"wp","href":"https:\/\/api.w.org\/{rel}","templated":true}]}}