{"id":56,"date":"2014-07-06T13:58:05","date_gmt":"2014-07-06T11:58:05","guid":{"rendered":"http:\/\/antikekunst24.de\/?post_type=product&#038;p=56"},"modified":"2014-11-15T21:17:51","modified_gmt":"2014-11-15T20:17:51","slug":"max-joseph-gradl-theodor-fahrner-guertelschliesse-2","status":"publish","type":"product","link":"http:\/\/whyteart.de\/?product=max-joseph-gradl-theodor-fahrner-guertelschliesse-2","title":{"rendered":"Max Joseph Gradl | Theodor Fahrner | G\u00fcrtelschlie\u00dfe aus Silber"},"content":{"rendered":"","protected":false},"excerpt":{"rendered":"<p><b>G\u00fcrtelschlie\u00dfe, um 1901<\/b><br \/>\n<b>K\u00fcnstler:<\/b> Max Joseph Gradl<br \/>\n<b>Marke:<\/b> Theodor Fahrner, Pforzheim<br \/>\n<b>Masse:<\/b> 47 x 79 mm (H x B)<br \/>\n<b>Material:<\/b> Silber vergoldet, gr\u00fcnes Email, zwei Chrysoprase<br \/>\n<b>Bezeichnet:<\/b> Herstellermarke, 900, DEPOSE<br \/>\n<b>Literatur:<\/b> Museum K\u00fcnstlerkolonie Darmstadt, Seite 115, Platte 160.<br \/>\nSchmuck in Deutschland und \u00d6sterreich 1895-1914, Ulrike von Hase, 1977, S. 202<br \/>\nGurtelschliessen des Jugendstils, Karl Kreuzer 1990, S. 77<br \/>\nTheodor Fahrner Schmuck, 1990, Schmuckmuseum Pforzheim, S. 92-96<br \/>\n<b>Preis:<\/b> 1500-3000 Euro<\/p>\n","protected":false},"featured_media":109,"comment_status":"closed","ping_status":"closed","template":"","meta":[],"class_list":{"0":"post-56","1":"product","2":"type-product","3":"status-publish","4":"has-post-thumbnail","6":"product_cat-art-nouveau","7":"product_cat-guertelschliesse-guertelschnalle","8":"product_cat-jugendstil","9":"product_cat-max-joseph-gradl","10":"product_cat-theodor-fahrner","11":"product_tag-art-nouveau","12":"product_tag-guertelschliesse","13":"product_tag-guertelschnalle","14":"product_tag-max-joseph-gradl","15":"product_tag-silber-vergoldet","16":"product_tag-theodor-fahrner","17":"pa_epoche-art-nouveau","18":"pa_epoche-jugendstil","19":"pa_kuenstler-max-joseph-gradl","20":"pa_marke-theodor-fahrner","21":"pa_material-chrysopras","22":"pa_material-email","23":"pa_material-silber","24":"pa_preis-1500-3000-euro","25":"pa_typ-guertelschliesse","27":"first","28":"instock","29":"shipping-taxable","30":"product-type-simple"},"_links":{"self":[{"href":"http:\/\/whyteart.de\/index.php?rest_route=\/wp\/v2\/product\/56","targetHints":{"allow":["GET"]}}],"collection":[{"href":"http:\/\/whyteart.de\/index.php?rest_route=\/wp\/v2\/product"}],"about":[{"href":"http:\/\/whyteart.de\/index.php?rest_route=\/wp\/v2\/types\/product"}],"replies":[{"embeddable":true,"href":"http:\/\/whyteart.de\/index.php?rest_route=%2Fwp%2Fv2%2Fcomments&post=56"}],"wp:featuredmedia":[{"embeddable":true,"href":"http:\/\/whyteart.de\/index.php?rest_route=\/wp\/v2\/media\/109"}],"wp:attachment":[{"href":"http:\/\/whyteart.de\/index.php?rest_route=%2Fwp%2Fv2%2Fmedia&parent=56"}],"curies":[{"name":"wp","href":"https:\/\/api.w.org\/{rel}","templated":true}]}}